{"id":4017,"date":"2022-04-28T19:23:41","date_gmt":"2022-04-28T17:23:41","guid":{"rendered":"https:\/\/savi.es\/avis-juridique\/"},"modified":"2023-08-21T11:58:50","modified_gmt":"2023-08-21T09:58:50","slug":"avis-juridique","status":"publish","type":"page","link":"https:\/\/savi.es\/de\/avis-juridique\/","title":{"rendered":"Avis juridique"},"content":{"rendered":"\t\t<div data-elementor-type=\"wp-page\" data-elementor-id=\"4017\" class=\"elementor elementor-4017 elementor-412\" data-elementor-post-type=\"page\">\n\t\t\t\t\t\t<section class=\"elementor-section elementor-top-section elementor-element elementor-element-ced3e47 elementor-section-boxed elementor-section-height-default elementor-section-height-default\" data-id=\"ced3e47\" data-element_type=\"section\" data-e-type=\"section\">\n\t\t\t\t\t\t<div class=\"elementor-container elementor-column-gap-default\">\n\t\t\t\t\t<div class=\"elementor-column elementor-col-100 elementor-top-column elementor-element elementor-element-27e57e3\" data-id=\"27e57e3\" data-element_type=\"column\" data-e-type=\"column\">\n\t\t\t<div class=\"elementor-widget-wrap elementor-element-populated\">\n\t\t\t\t\t\t<div class=\"elementor-element elementor-element-21867a3 breadcrumb animated-fast elementor-invisible elementor-widget elementor-widget-shortcode\" data-id=\"21867a3\" data-element_type=\"widget\" data-e-type=\"widget\" data-settings=\"{&quot;_animation&quot;:&quot;fadeInUp&quot;}\" data-widget_type=\"shortcode.default\">\n\t\t\t\t<div class=\"elementor-widget-container\">\n\t\t\t\t\t\t\t<div class=\"elementor-shortcode\"><nav aria-label=\"breadcrumbs\" class=\"rank-math-breadcrumb\"><p><span class=\"last\">Home<\/span><\/p><\/nav><\/div>\n\t\t\t\t\t\t<\/div>\n\t\t\t\t<\/div>\n\t\t\t\t\t<\/div>\n\t\t<\/div>\n\t\t\t\t\t<\/div>\n\t\t<\/section>\n\t\t\t\t<section class=\"elementor-section elementor-top-section elementor-element elementor-element-8ed7a0f elementor-section-boxed elementor-section-height-default elementor-section-height-default\" data-id=\"8ed7a0f\" data-element_type=\"section\" data-e-type=\"section\">\n\t\t\t\t\t\t<div class=\"elementor-container elementor-column-gap-default\">\n\t\t\t\t\t<div class=\"elementor-column elementor-col-100 elementor-top-column elementor-element elementor-element-a914004\" data-id=\"a914004\" data-element_type=\"column\" data-e-type=\"column\">\n\t\t\t<div class=\"elementor-widget-wrap elementor-element-populated\">\n\t\t\t\t\t\t<div class=\"elementor-element elementor-element-00b1705 animated-fast elementor-invisible elementor-widget elementor-widget-text-editor\" data-id=\"00b1705\" data-element_type=\"widget\" data-e-type=\"widget\" data-settings=\"{&quot;_animation&quot;:&quot;fadeIn&quot;}\" data-widget_type=\"text-editor.default\">\n\t\t\t\t<div class=\"elementor-widget-container\">\n\t\t\t\t\t\t\t\t\t<p>UNTERNEHMENSDATEN<br \/>\nGem\u00e4\u00df Artikel 10 des Gesetzes 34\/2002 \u00fcber Dienste der Informationsgesellschaft und des elektronischen Gesch\u00e4ftsverkehrs werden nachstehend die Identifikationsdaten des Unternehmens aufgef\u00fchrt.<br \/>\nRechtsname: Carpinter\u00eda Savi SL<br \/>\nHandelsname: Carpinter\u00eda Savi SL<br \/>\nSteuernummer: B03086840<br \/>\nGesch\u00e4ftssitz: Calle Juan de la Cierva, 2 03720 Benisa Alicante<br \/>\nE-Mail: info@savi.es<br \/>\nTelefon: 610 92 39 08<\/p>\n<p>Die Website https:\/\/savi.es (nachfolgend &#8222;Website&#8220;) geh\u00f6rt Carpinter\u00eda Savi SL und wird unter dem Namen Carpinter\u00eda Savi betrieben.<br \/>\nDer Zugriff auf die Website https:\/\/savi.es von Carpinter\u00eda Savi impliziert die Zustimmung zu den folgenden Bedingungen:<\/p>\n<p>INDUSTRIELLES EIGENTUM<br \/>\nDas Logo und der Name &#8222;Carpinter\u00eda Savi&#8220; sowie andere unterscheidende Zeichen (grafisch oder bezeichnend), die auf dieser Website erscheinen, sind das ausschlie\u00dfliche Eigentum von Carpinter\u00eda Savi. Daher ist diese Entit\u00e4t die einzige, die befugt ist, sie zu verwenden.<\/p>\n<p>Die Inhalte dieser Website, wie Texte, Bilder usw., sowie ihr grafisches Design und der Quellcode, sind durch spanisches Recht zum Schutz des geistigen und gewerblichen Eigentums zugunsten von Carpinter\u00eda Savi gesch\u00fctzt.<\/p>\n<p>Jegliche vollst\u00e4ndige oder teilweise Vervielf\u00e4ltigung, Verbreitung oder \u00f6ffentliche Kommunikation ohne ausdr\u00fcckliche Genehmigung von Carpinter\u00eda Savi ist strengstens untersagt.<\/p>\n<p>DOMAINNAME<br \/>\nEbenso wie in den vorherigen Abs\u00e4tzen erw\u00e4hnt, geh\u00f6ren die Domainnamen &#8222;https:\/\/savi.es&#8220; und alle anderen, die zum Zugriff auf diese Website verwendet werden, ausschlie\u00dflich Carpinter\u00eda Savi. Eine missbr\u00e4uchliche Verwendung dieser Namen w\u00fcrde einen Versto\u00df gegen die durch ihre Registrierung erworbenen Rechte darstellen und wird auf rechtlichem Wege verfolgt.<\/p>\n<p>PERS\u00d6NLICHE NUTZUNG<br \/>\nDem Benutzer wird von Carpinter\u00eda Savi ausdr\u00fccklich gestattet, die Inhalte und Verm\u00f6genswerte, die durch ausschlie\u00dfliche Rechte gesch\u00fctzt sind oder nicht (mit Ausnahme von Computerprogrammen), f\u00fcr seine pers\u00f6nliche und private Nutzung einzusehen, auszudrucken, zu kopieren oder auf seiner Festplatte oder einem anderen physischen Tr\u00e4ger zu speichern, vorausgesetzt, dass dies ohne kommerzielle oder Vertriebszwecke geschieht und die vorher genannten Rechte und Inhalte nicht ver\u00e4ndert, verf\u00e4lscht oder dekompiliert werden. Diese Lizenz f\u00fcr die pers\u00f6nliche Nutzung wird erteilt, solange die Urheberrechts- und gewerblichen Schutzrechte vollst\u00e4ndig respektiert werden, ohne dass dem Benutzer dadurch eine Lizenz erteilt wird.<\/p>\n<p>Jede andere Verwendung der Inhalte oder geistigen Sch\u00f6pfungen dieser Website erfordert die ausdr\u00fcckliche und schriftliche Genehmigung von Carpinter\u00eda Savi.<\/p>\n<p>VORBEHALT VON RECHTLICHEN SCHNELLMASSNAHMEN<br \/>\nCarpinter\u00eda Savi beh\u00e4lt sich das Recht vor, jederzeit alle rechtlichen Mittel oder Ma\u00dfnahmen zu ergreifen, um ihre legitimen geistigen und gewerblichen Schutzrechte gegen jede nicht autorisierte Nutzung oder Handlung, die ihnen schaden k\u00f6nnte, zu verteidigen.<\/p>\n<p>LINKS<br \/>\nDie Links, auf die der Benutzer w\u00e4hrend der Navigation auf dieser Website sto\u00dfen kann, erm\u00f6glichen es ihm, diese Website zu verlassen.<br \/>\nDie verlinkten Websites stehen, sofern nicht anders angegeben, nicht in Verbindung mit Carpinter\u00eda Savi, die nicht f\u00fcr die Inhalte verantwortlich ist, auf die \u00fcber diese Links zugegriffen wird, noch f\u00fcr \u00c4nderungen, die an ihnen vorgenommen werden, noch f\u00fcr deren Nutzung oder technische Verf\u00fcgbarkeit.<br \/>\nIn jedem Fall verpflichtet sich Carpinter\u00eda Savi, alles M\u00f6gliche zu tun, um sicherzustellen, dass auf ihrer Website keine Links zu Seiten mit illegalem Inhalt vorhanden sind, die illegale Aktivit\u00e4ten, Rassismus, Fremdenfeindlichkeit oder Inhalte f\u00f6rdern, die gegen die Grunds\u00e4tze von Freiheit und menschlicher W\u00fcrde versto\u00dfen oder die Werte und Rechte, die in der spanischen Verfassung und der Allgemeinen Erkl\u00e4rung der Menschenrechte anerkannt sind, verletzen.<br \/>\nFalls ein Benutzer der Meinung ist, dass ein auf der Website enthaltener Link seine Rechte in irgendeiner Weise beeintr\u00e4chtigt oder ihm geringf\u00fcgigen Schaden zuf\u00fcgt, gen\u00fcgt es, dies per E-Mail an Carpinter\u00eda Savi mitzuteilen, in dem Vertrauen, dass entsprechende Ma\u00dfnahmen ergriffen werden.<\/p>\n<p>INHALT DER WEBSITE<br \/>\nCarpinter\u00eda Savi ist nicht verantwortlich f\u00fcr den Missbrauch der Inhalte unserer Website, da dies ausschlie\u00dflich in der Verantwortung der Person liegt, die darauf zugreift oder sie verwendet.<\/p>\n<p>AKTUALISIERUNG UND \u00c4NDERUNG DER WEBSITE<br \/>\nCarpinter\u00eda Savi beh\u00e4lt sich das Recht vor, die auf ihrer Website enthaltenen Informationen sowie deren Konfiguration und Darstellung ohne vorherige Ank\u00fcndigung zu \u00e4ndern oder zu l\u00f6schen, ohne daf\u00fcr irgendeine Verantwortung zu \u00fcbernehmen.<\/p>\n<p>HINWEISE ZU TECHNISCHEN ASPEKTEN<br \/>\nCarpinter\u00eda Savi \u00fcbernimmt keine Verantwortung f\u00fcr technische Probleme oder Ausf\u00e4lle von Computerausr\u00fcstung, die w\u00e4hrend der Internetverbindung auftreten k\u00f6nnen, sowie f\u00fcr Sch\u00e4den, die durch unbefugte Eingriffe von Dritten au\u00dferhalb der Kontrolle von Carpinter\u00eda Savi verursacht werden.<br \/>\nWir sind auch von jeglicher Haftung befreit, die dem Benutzer m\u00f6glicherweise durch Fehler, Defekte oder Auslassungen in den von uns bereitgestellten Informationen entstehen k\u00f6nnten, sofern diese von externen Quellen stammen.<\/p>\n<p>ZUGANGSBEDINGUNGEN<br \/>\nIm Allgemeinen ist der Zugang zu den von &#8222;Carpinter\u00eda Savi&#8220; bereitgestellten Inhalten frei und kostenlos, und von den Benutzern wird nicht verlangt, personenbezogene Daten anzugeben, sich anzumelden oder Schl\u00fcssel oder Passw\u00f6rter zu verwenden, mit Ausnahme des beschr\u00e4nkten Zugangs zum Kundenbereich von &#8222;Carpinter\u00eda Savi&#8220;.<br \/>\nWenn f\u00fcr den Vertragsschluss oder die Anfrage von Informationen zu einem bestimmten Service personenbezogene Daten bereitgestellt werden m\u00fcssen, stellen die Benutzer deren Richtigkeit, Authentizit\u00e4t und G\u00fcltigkeit sicher. &#8222;Carpinter\u00eda Savi&#8220; verpflichtet sich, diese Daten automatisch gem\u00e4\u00df der Art und dem Zweck der Daten zu verarbeiten, unter den Bedingungen und in dem Umfang, die in der Datenschutzrichtlinie festgelegt sind.<br \/>\nIn F\u00e4llen, in denen die Verwendung von Zugangsschl\u00fcsseln (Benutzername und Passwort) erforderlich ist, verpflichtet sich der Benutzer, sie unter folgenden Einschr\u00e4nkungen zu verwenden:<br \/>\nDie vom Benutzer gew\u00e4hlten Schl\u00fcssel d\u00fcrfen nicht gegen die allgemein akzeptierten Sitten und Gepflogenheiten versto\u00dfen und in keiner Weise die gewerblichen und geistigen Eigentumsrechte oder die Ehre und das Bild von Dritten verletzen.<br \/>\nZugangsschl\u00fcssel sind f\u00fcr den pers\u00f6nlichen und exklusiven Gebrauch des Benutzers bestimmt, dem sie geh\u00f6ren, und ihre Aufbewahrung und ordnungsgem\u00e4\u00dfe Verwendung liegen in der Verantwortung des Benutzers. &#8222;Carpinter\u00eda Savi&#8220; \u00fcbernimmt keine Verantwortung f\u00fcr Sch\u00e4den, die dem Benutzer oder Dritten entstehen k\u00f6nnen, wenn andere Personen ihre Schl\u00fcssel mit oder ohne Zustimmung oder Kenntnis des Benutzers verwenden.<br \/>\n&#8222;Carptinter\u00eda Savi&#8220; verpflichtet sich jedoch, die bei den Benutzern registrierten und verwendeten Schl\u00fcssel vertraulich zu behandeln.<\/p>\n<p>NUTZUNGSBEDINGUNGEN<br \/>\nDie Nutzung der Website von &#8222;Carpinter\u00eda Savi&#8220; muss dem Inhalt dieser Allgemeinen Gesch\u00e4ftsbedingungen, den geltenden gesetzlichen Bestimmungen und den Anforderungen der Moral und allgemein anerkannten guten Sitten sowie der \u00f6ffentlichen Ordnung entsprechen.<\/p>\n<p>Sofern &#8222;Carpinter\u00eda Savi&#8220; nicht ausdr\u00fccklich und vorab autorisiert hat, d\u00fcrfen die Benutzer den Inhalt und die Dienstleistungen, die auf dieser Website angeboten werden, nur f\u00fcr pers\u00f6nliche Zwecke nutzen und sich davon abhalten, Handlungen auszuf\u00fchren, die direkt oder indirekt eine kommerzielle Nutzung derselben darstellen.<\/p>\n<p>In jedem Fall werden die Benutzer den von &#8222;Carpinter\u00eda Savi&#8220; bereitgestellten Inhalt und die Dienstleistungen gem\u00e4\u00df geltendem Recht nutzen und die Verantwortung f\u00fcr Verhaltensweisen oder Aktivit\u00e4ten \u00fcbernehmen, die in irgendeiner Weise rechtswidrig sind oder die Rechte Dritter verletzen k\u00f6nnten oder die Nutzung dieser Website f\u00fcr andere Benutzer beeintr\u00e4chtigen, behindern oder einschr\u00e4nken k\u00f6nnten.<\/p>\n<p>Die Benutzer verpflichten sich, \u00fcber &#8222;Carpinter\u00eda Savi&#8220; keine Nachrichten, Bilder, Fotografien, Software, Daten oder Inhalte zu \u00fcbertragen oder zu verbreiten, die:<\/p>\n<p>&#8211; Grundrechte verletzen oder gegen diese versto\u00dfen, die durch die Rechtsordnung anerkannt sind.<br \/>\n&#8211; Kriminelle Handlungen, Verunglimpfung, Verleumdung, Sch\u00e4ndung, Gewalt, Diskriminierung aufgrund von Geschlecht, Rasse, Religion oder Ideologie induzieren, f\u00f6rdern oder unterst\u00fctzen oder im Allgemeinen gegen das Gesetz, die Moral oder die \u00f6ffentliche Ordnung versto\u00dfen.<br \/>\n&#8211; Falsch, mehrdeutig, ungenau, \u00fcbertrieben, obsz\u00f6n oder unangemessen sind.<br \/>\n&#8211; Durch geistige oder gewerbliche Schutzrechte Dritter gesch\u00fctzt sind, es sei denn, es liegt eine vorherige und ausreichende Genehmigung des rechtm\u00e4\u00dfigen Eigent\u00fcmers vor.<br \/>\n&#8211; Das Recht auf Ehre, pers\u00f6nliche Privatsph\u00e4re, Bildrechte Dritter verletzen oder gegen Vorschriften \u00fcber Geheimhaltung oder Vertraulichkeit von Kommunikationen versto\u00dfen.<br \/>\n&#8211; Unlautere, irref\u00fchrende oder unfaire Werbung darstellen.<br \/>\n&#8211; Viren, Trojaner, W\u00fcrmer, Zeitbomben oder sonstiges Material oder Programme enthalten, die den Betrieb von Computerger\u00e4ten oder -systemen sch\u00e4digen oder beeintr\u00e4chtigen k\u00f6nnten.<\/p>\n<p>&#8222;Carpinter\u00eda Savi&#8220; beh\u00e4lt sich das einseitige Recht vor, jederzeit und ohne Vorank\u00fcndigung oder Begr\u00fcndung den Zugang zu ihrer Website f\u00fcr Benutzer zu verweigern, die gegen diese Allgemeinen Gesch\u00e4ftsbedingungen versto\u00dfen.<\/p>\n\t\t\t\t\t\t\t\t<\/div>\n\t\t\t\t<\/div>\n\t\t\t\t\t<\/div>\n\t\t<\/div>\n\t\t\t\t\t<\/div>\n\t\t<\/section>\n\t\t\t\t<\/div>\n\t\t","protected":false},"excerpt":{"rendered":"<p>UNTERNEHMENSDATEN Gem\u00e4\u00df Artikel 10 des Gesetzes 34\/2002 \u00fcber Dienste der Informationsgesellschaft und des elektronischen Gesch\u00e4ftsverkehrs werden nachstehend die Identifikationsdaten des Unternehmens aufgef\u00fchrt. Rechtsname: Carpinter\u00eda Savi SL Handelsname: Carpinter\u00eda Savi SL Steuernummer: B03086840 Gesch\u00e4ftssitz: Calle Juan de la Cierva, 2 03720 Benisa Alicante E-Mail: info@savi.es Telefon: 610 92 39 08 Die Website https:\/\/savi.es (nachfolgend &#8222;Website&#8220;) geh\u00f6rt [&hellip;]<\/p>\n","protected":false},"author":4,"featured_media":0,"parent":0,"menu_order":0,"comment_status":"closed","ping_status":"closed","template":"","meta":{"_acf_changed":false,"footnotes":""},"class_list":["post-4017","page","type-page","status-publish","hentry"],"acf":[],"_links":{"self":[{"href":"https:\/\/savi.es\/de\/wp-json\/wp\/v2\/pages\/4017","targetHints":{"allow":["GET"]}}],"collection":[{"href":"https:\/\/savi.es\/de\/wp-json\/wp\/v2\/pages"}],"about":[{"href":"https:\/\/savi.es\/de\/wp-json\/wp\/v2\/types\/page"}],"author":[{"embeddable":true,"href":"https:\/\/savi.es\/de\/wp-json\/wp\/v2\/users\/4"}],"replies":[{"embeddable":true,"href":"https:\/\/savi.es\/de\/wp-json\/wp\/v2\/comments?post=4017"}],"version-history":[{"count":4,"href":"https:\/\/savi.es\/de\/wp-json\/wp\/v2\/pages\/4017\/revisions"}],"predecessor-version":[{"id":4540,"href":"https:\/\/savi.es\/de\/wp-json\/wp\/v2\/pages\/4017\/revisions\/4540"}],"wp:attachment":[{"href":"https:\/\/savi.es\/de\/wp-json\/wp\/v2\/media?parent=4017"}],"curies":[{"name":"wp","href":"https:\/\/api.w.org\/{rel}","templated":true}]}}