{"id":4076,"date":"2022-04-28T19:24:08","date_gmt":"2022-04-28T17:24:08","guid":{"rendered":"https:\/\/savi.es\/cookie-richtlinie\/"},"modified":"2024-10-21T14:36:49","modified_gmt":"2024-10-21T12:36:49","slug":"cookie-richtlinie","status":"publish","type":"page","link":"https:\/\/savi.es\/de\/cookie-richtlinie\/","title":{"rendered":"Cookie-Richtlinie"},"content":{"rendered":"\t\t<div data-elementor-type=\"wp-page\" data-elementor-id=\"4076\" class=\"elementor elementor-4076 elementor-414\" data-elementor-post-type=\"page\">\n\t\t\t\t\t\t<section class=\"elementor-section elementor-top-section elementor-element elementor-element-c0c95f1 elementor-section-boxed elementor-section-height-default elementor-section-height-default\" data-id=\"c0c95f1\" data-element_type=\"section\" data-e-type=\"section\">\n\t\t\t\t\t\t<div class=\"elementor-container elementor-column-gap-default\">\n\t\t\t\t\t<div class=\"elementor-column elementor-col-100 elementor-top-column elementor-element elementor-element-b2b7fce\" data-id=\"b2b7fce\" data-element_type=\"column\" data-e-type=\"column\">\n\t\t\t<div class=\"elementor-widget-wrap elementor-element-populated\">\n\t\t\t\t\t\t<div class=\"elementor-element elementor-element-8c6169f breadcrumb animated-fast elementor-invisible elementor-widget elementor-widget-shortcode\" data-id=\"8c6169f\" data-element_type=\"widget\" data-e-type=\"widget\" data-settings=\"{&quot;_animation&quot;:&quot;fadeInUp&quot;}\" data-widget_type=\"shortcode.default\">\n\t\t\t\t<div class=\"elementor-widget-container\">\n\t\t\t\t\t\t\t<div class=\"elementor-shortcode\"><nav aria-label=\"breadcrumbs\" class=\"rank-math-breadcrumb\"><p><span class=\"last\">Home<\/span><\/p><\/nav><\/div>\n\t\t\t\t\t\t<\/div>\n\t\t\t\t<\/div>\n\t\t\t\t\t<\/div>\n\t\t<\/div>\n\t\t\t\t\t<\/div>\n\t\t<\/section>\n\t\t\t\t<section class=\"elementor-section elementor-top-section elementor-element elementor-element-3d2f93a elementor-section-boxed elementor-section-height-default elementor-section-height-default\" data-id=\"3d2f93a\" data-element_type=\"section\" data-e-type=\"section\">\n\t\t\t\t\t\t<div class=\"elementor-container elementor-column-gap-default\">\n\t\t\t\t\t<div class=\"elementor-column elementor-col-100 elementor-top-column elementor-element elementor-element-4851284\" data-id=\"4851284\" data-element_type=\"column\" data-e-type=\"column\">\n\t\t\t<div class=\"elementor-widget-wrap elementor-element-populated\">\n\t\t\t\t\t\t<div class=\"elementor-element elementor-element-b100c69 animated-fast word-break elementor-invisible elementor-widget elementor-widget-text-editor\" data-id=\"b100c69\" data-element_type=\"widget\" data-e-type=\"widget\" data-settings=\"{&quot;_animation&quot;:&quot;fadeIn&quot;}\" data-widget_type=\"text-editor.default\">\n\t\t\t\t<div class=\"elementor-widget-container\">\n\t\t\t\t\t\t\t\t\t<div class=\"mtb-5-20\"><span class=\"PAGINA-WEB\">Carpinter\u00eda Savi informiert \u00fcber die Verwendung von Cookies auf seiner Website: https:\/\/savi.es<\/span><\/div><h3>Was sind Cookies?<\/h3><div class=\"mtb-5-20\">Cookies sind Dateien, die von Websites auf Ihren Computer heruntergeladen werden k\u00f6nnen.<\/div><div class=\"mtb-5-20\"><p>Es handelt sich um Instrumente, die bei der Bereitstellung zahlreicher Dienste der Informationsgesellschaft eine wesentliche Rolle spielen. Sie erm\u00f6glichen es einer Website unter anderem, Informationen \u00fcber die Surfgewohnheiten eines Nutzers oder seines Ger\u00e4ts zu speichern und abzurufen. Je nach den erhaltenen Informationen k\u00f6nnen sie dazu verwendet werden, den Nutzer zu erkennen und den angebotenen Dienst zu verbessern.<\/p><\/div><h3>Arten von Cookies<\/h3><div class=\"mtb-5-20\"><p>Je nach der Einrichtung, die die Dom\u00e4ne verwaltet, von der die Cookies gesendet werden, und die die erhaltenen Daten verarbeitet, k\u00f6nnen zwei Arten von Cookies unterschieden werden:<\/p><ul><li>Eigene Cookies: Cookies, die von einem Computer oder einer Dom\u00e4ne, die vom Herausgeber selbst verwaltet wird und von der aus der vom Benutzer angeforderte Dienst erbracht wird, an das Endger\u00e4t des Benutzers gesendet werden.<\/li><li>Cookies von Dritten: Cookies, die von einem Computer oder einer Dom\u00e4ne, die nicht vom Herausgeber, sondern von einer anderen Einheit, die die durch die Cookies erhaltenen Daten verarbeitet, an das Endger\u00e4t des Benutzers gesendet werden.<\/li><\/ul><div>\u00a0<\/div><\/div><div class=\"mtb-5-20\"><p>Falls die Cookies von einem Computer oder einer Dom\u00e4ne installiert werden, die vom Herausgeber selbst verwaltet wird, aber die durch sie gesammelten Informationen von einer dritten Partei verwaltet werden, k\u00f6nnen sie nicht als eigene Cookies betrachtet werden.<\/p><\/div><div class=\"mtb-5-20\"><p>Au\u00dferdem gibt es eine zweite Klassifizierung nach der Dauer, die sie im Browser des Kunden gespeichert bleiben:<\/p><ul><li>Sitzungscookies: Sie dienen dazu, Daten zu sammeln und zu speichern, w\u00e4hrend der Nutzer auf eine Website zugreift. Sie werden in der Regel verwendet, um Informationen zu speichern, die nur f\u00fcr die Bereitstellung des vom Nutzer angeforderten Dienstes bei einer einzigen Gelegenheit aufbewahrt werden m\u00fcssen (z. B. eine Liste der gekauften Produkte).<\/li><li>Dauerhafte Cookies: Die Daten bleiben auf dem Endger\u00e4t gespeichert und k\u00f6nnen w\u00e4hrend eines von der f\u00fcr das Cookie verantwortlichen Partei festgelegten Zeitraums, der von einigen Minuten bis zu mehreren Jahren reichen kann, abgerufen und verarbeitet werden.<\/li><\/ul><div>\u00a0<\/div><\/div><div class=\"mtb-5-20\"><p>Schlie\u00dflich gibt es noch eine weitere Klassifizierung mit f\u00fcnf Arten von Cookies, je nach dem Zweck, zu dem die erhaltenen Daten verarbeitet werden:<\/p><ul><li>Technische Cookies: Cookies, die es dem Nutzer erm\u00f6glichen, auf einer Website, einer Plattform oder einer Anwendung zu surfen und die verschiedenen Optionen oder Dienste zu nutzen, die es dort gibt, wie z. B. die Steuerung des Datenverkehrs und der Datenkommunikation, die Identifizierung der Sitzung, den Zugang zu Bereichen mit eingeschr\u00e4nktem Zugang, die Erinnerung an die Elemente, aus denen eine Bestellung besteht, die Durchf\u00fchrung des Kaufvorgangs einer Bestellung, die Anmeldung zur Registrierung oder die Teilnahme an einer Veranstaltung, die Verwendung von Sicherheitselementen beim Surfen, die Speicherung von Inhalten f\u00fcr die \u00dcbertragung von Videos oder Ton oder die gemeinsame Nutzung von Inhalten \u00fcber soziale Netzwerke.<\/li><\/ul><div>\u00a0<\/div><ul><li>Personalisierungs-Cookies: Sie erm\u00f6glichen es dem Nutzer, auf den Dienst mit einigen allgemeinen Merkmalen zuzugreifen, die anhand einer Reihe von Kriterien auf dem Endger\u00e4t des Nutzers vordefiniert wurden, wie z. B. die Sprache, die Art des Browsers, der f\u00fcr den Zugriff auf den Dienst verwendet wird, die regionale Konfiguration, von der aus auf den Dienst zugegriffen wird, usw.<\/li><\/ul><div>\u00a0<\/div><ul><li>Analyse-Cookies: Diese erm\u00f6glichen es dem Verantwortlichen, das Verhalten der Nutzer der Websites, mit denen sie verkn\u00fcpft sind, zu \u00fcberwachen und zu analysieren. Die durch diese Art von Cookies gesammelten Informationen werden zur Messung der Aktivit\u00e4t der Websites, Anwendungen oder Plattformen und zur Erstellung von Browsing-Profilen der Nutzer dieser Websites, Anwendungen und Plattformen verwendet, um Verbesserungen auf der Grundlage der Analyse der Nutzungsdaten der Nutzer des Dienstes einzuf\u00fchren.<\/li><\/ul><div>\u00a0<\/div><ul><li>Werbe-Cookies: erm\u00f6glichen die m\u00f6glichst effiziente Verwaltung von Werbefl\u00e4chen.<\/li><\/ul><div>\u00a0<\/div><ul><li>Cookies f\u00fcr verhaltensbasierte Werbung: Sie speichern Informationen \u00fcber das Verhalten der Nutzer, die durch die kontinuierliche Beobachtung ihrer Surfgewohnheiten gewonnen werden und die es erm\u00f6glichen, ein spezifisches Profil zu erstellen, um darauf basierende Werbung anzuzeigen.<\/li><\/ul><div>\u00a0<\/div><ul><li>Cookies f\u00fcr verhaltensbasierte Werbung: Sie speichern Informationen \u00fcber das Verhalten der Nutzer, die durch die kontinuierliche Beobachtung ihrer Surfgewohnheiten gewonnen werden und die es erm\u00f6glichen, ein spezifisches Profil zu erstellen, um darauf basierende Werbung anzuzeigen.<\/li><\/ul><div>\u00a0<\/div><ul><li>Cookies von externen sozialen Netzwerken: Diese werden verwendet, damit Besucher mit den Inhalten verschiedener sozialer Plattformen (Facebook, Youtube, Twitter, LinkedIn usw.) interagieren k\u00f6nnen, und werden nur f\u00fcr Nutzer dieser sozialen Netzwerke generiert. Die Bedingungen f\u00fcr die Verwendung dieser Cookies und die gesammelten Informationen werden durch die Datenschutzrichtlinien der entsprechenden sozialen Plattform geregelt.<\/li><\/ul><div>\u00a0<\/div><ul><li>Cookies von externen sozialen Netzwerken: Diese werden verwendet, damit Besucher mit den Inhalten verschiedener sozialer Plattformen (Facebook, Youtube, Twitter, LinkedIn usw.) interagieren k\u00f6nnen, und werden nur f\u00fcr Nutzer dieser sozialen Netzwerke generiert. Die Bedingungen f\u00fcr die Verwendung dieser Cookies und die gesammelten Informationen werden durch die Datenschutzrichtlinien der entsprechenden sozialen Plattform geregelt.<\/li><\/ul><div>\u00a0<\/div><ul><li>Cookies von externen sozialen Netzwerken: Diese werden verwendet, damit Besucher mit den Inhalten verschiedener sozialer Plattformen (Facebook, Youtube, Twitter, LinkedIn usw.) interagieren k\u00f6nnen, und werden nur f\u00fcr Nutzer dieser sozialen Netzwerke generiert. Die Bedingungen f\u00fcr die Verwendung dieser Cookies und die gesammelten Informationen werden durch die Datenschutzrichtlinien der entsprechenden sozialen Plattform geregelt.<\/li><\/ul><div>\u00a0<\/div><\/div><h3>Deaktivierung und L\u00f6schung von Cookies<\/h3><div class=\"mtb-5-20\"><p>Sie haben die M\u00f6glichkeit, auf Ihrem Computer installierte Cookies zuzulassen, zu blockieren oder zu l\u00f6schen, indem Sie die auf Ihrem Computer installierten Browseroptionen konfigurieren. Durch die Deaktivierung von Cookies sind einige der verf\u00fcgbaren Dienste m\u00f6glicherweise nicht mehr funktionsf\u00e4hig. Die Deaktivierung von Cookies ist von Browser zu Browser unterschiedlich, kann aber in der Regel \u00fcber das Men\u00fc &#8222;Extras&#8220; oder &#8222;Optionen&#8220; vorgenommen werden. Sie k\u00f6nnen auch im Hilfemen\u00fc des Browsers nachsehen, wo Sie Anweisungen finden. Der Nutzer kann jederzeit w\u00e4hlen, welche Cookies er auf dieser Website verwenden m\u00f6chte.<\/p><\/div><div class=\"mtb-5-20\"><p>Sie k\u00f6nnen die auf Ihrem Computer installierten Cookies zulassen, blockieren oder l\u00f6schen, indem Sie die auf Ihrem Computer installierten Browseroptionen konfigurieren:<\/p><ul><li>Microsoft Internet Explorer o Microsoft Edge:\u00a0<a href=\"http:\/\/windows.microsoft.com\/es-es\/windows-vista\/Block-or-allow-cookies\" target=\"_blank\" rel=\"noopener\">http:\/\/windows.microsoft.com\/es-es\/windows-vista\/Block-or-allow-cookies<\/a><\/li><li>Mozilla Firefox:\u00a0<a href=\"http:\/\/support.mozilla.org\/es\/kb\/impedir-que-los-sitios-web-guarden-sus-preferencia\" target=\"_blank\" rel=\"noopener\">http:\/\/support.mozilla.org\/es\/kb\/impedir-que-los-sitios-web-guarden-sus-preferencia<br \/><\/a><\/li><li>Chrome:\u00a0<a href=\"https:\/\/support.google.com\/accounts\/answer\/61416?hl=es\" target=\"_blank\" rel=\"noopener\">https:\/\/support.google.com\/accounts\/answer\/61416?hl=es<br \/><\/a><\/li><li>Safari:\u00a0<a href=\"http:\/\/safari.helpmax.net\/es\/privacidad-y-seguridad\/como-gestionar-las-cookies\/\" target=\"_blank\" rel=\"noopener\">http:\/\/safari.helpmax.net\/es\/privacidad-y-seguridad\/como-gestionar-las-cookies\/<br \/><\/a><\/li><li>Opera:\u00a0<a href=\"http:\/\/help.opera.com\/Linux\/10.60\/es-ES\/cookies.html\" target=\"_blank\" rel=\"noopener\">http:\/\/help.opera.com\/Linux\/10.60\/es-ES\/cookies.html<br \/><\/a><\/li><\/ul><div><span style=\"color: #892334;\"><u>\u00a0<\/u><\/span><\/div><\/div><div class=\"mtb-5-20\"><p>Dar\u00fcber hinaus k\u00f6nnen Sie den Cookie-Speicher Ihres Browsers auch mit folgenden Tools verwalten<\/p><ul><li>Ghostery:\u00a0www.ghostery.com<\/li><li>Your online choices:\u00a0www.youronlinechoices.com\/es\/<\/li><\/ul><div>\u00a0<\/div><\/div><div class=\"mtb-5-20\"><h3>Auf https:\/\/savi.es verwendete Cookies<\/h3><p><span style=\"color: var( --e-global-color-text );\">Die Cookies, die auf dieser Website verwendet werden, sind im Folgenden aufgef\u00fchrt, ebenso wie ihre Art und Funktion:<\/span><\/p><\/div><div class=\"mtb-5-20\"><p>Akzeptanz der Cookie-Richtlinie https:\/\/savi.es geht davon aus, dass Sie die Verwendung von Cookies akzeptieren. Die Informationen \u00fcber die Cookie-Richtlinie werden jedoch bei jeder Anmeldung am unteren oder oberen Rand einer Seite der Website angezeigt, so dass Sie sie zur Kenntnis nehmen k\u00f6nnen.<\/p><p>Anhand dieser Informationen sind die folgenden Ma\u00dfnahmen m\u00f6glich:<\/p><ul><li>Cookies akzeptieren. Dieser Hinweis wird beim Zugriff auf eine beliebige Seite des Portals w\u00e4hrend der laufenden Sitzung nicht mehr angezeigt.<\/li><li>Schlie\u00dfen. Der Hinweis ist auf dieser Seite ausgeblendet.<\/li><li>\u00c4ndern Sie Ihre Einstellungen. Sie k\u00f6nnen weitere Informationen dar\u00fcber erhalten, was Cookies sind, sich \u00fcber die Cookie-Richtlinie von https:\/\/savi.es informieren und Ihre Browser-Einstellungen \u00e4ndern.<\/li><\/ul><\/div>\t\t\t\t\t\t\t\t<\/div>\n\t\t\t\t<\/div>\n\t\t\t\t\t<\/div>\n\t\t<\/div>\n\t\t\t\t\t<\/div>\n\t\t<\/section>\n\t\t\t\t<\/div>\n\t\t","protected":false},"excerpt":{"rendered":"<p>Carpinter\u00eda Savi informiert \u00fcber die Verwendung von Cookies auf seiner Website: https:\/\/savi.es Was sind Cookies? Cookies sind Dateien, die von Websites auf Ihren Computer heruntergeladen werden k\u00f6nnen. Es handelt sich um Instrumente, die bei der Bereitstellung zahlreicher Dienste der Informationsgesellschaft eine wesentliche Rolle spielen. Sie erm\u00f6glichen es einer Website unter anderem, Informationen \u00fcber die Surfgewohnheiten [&hellip;]<\/p>\n","protected":false},"author":4,"featured_media":0,"parent":0,"menu_order":0,"comment_status":"closed","ping_status":"closed","template":"","meta":{"_acf_changed":false,"footnotes":""},"class_list":["post-4076","page","type-page","status-publish","hentry"],"acf":[],"_links":{"self":[{"href":"https:\/\/savi.es\/de\/wp-json\/wp\/v2\/pages\/4076","targetHints":{"allow":["GET"]}}],"collection":[{"href":"https:\/\/savi.es\/de\/wp-json\/wp\/v2\/pages"}],"about":[{"href":"https:\/\/savi.es\/de\/wp-json\/wp\/v2\/types\/page"}],"author":[{"embeddable":true,"href":"https:\/\/savi.es\/de\/wp-json\/wp\/v2\/users\/4"}],"replies":[{"embeddable":true,"href":"https:\/\/savi.es\/de\/wp-json\/wp\/v2\/comments?post=4076"}],"version-history":[{"count":4,"href":"https:\/\/savi.es\/de\/wp-json\/wp\/v2\/pages\/4076\/revisions"}],"predecessor-version":[{"id":6624,"href":"https:\/\/savi.es\/de\/wp-json\/wp\/v2\/pages\/4076\/revisions\/6624"}],"wp:attachment":[{"href":"https:\/\/savi.es\/de\/wp-json\/wp\/v2\/media?parent=4076"}],"curies":[{"name":"wp","href":"https:\/\/api.w.org\/{rel}","templated":true}]}}