{"id":4078,"date":"2022-04-19T08:34:56","date_gmt":"2022-04-19T06:34:56","guid":{"rendered":"https:\/\/savi.es\/datenschutzbestimmungen\/"},"modified":"2023-08-21T11:58:52","modified_gmt":"2023-08-21T09:58:52","slug":"datenschutzbestimmungen","status":"publish","type":"page","link":"https:\/\/savi.es\/de\/datenschutzbestimmungen\/","title":{"rendered":"Datenschutzbestimmungen"},"content":{"rendered":"\t\t<div data-elementor-type=\"wp-page\" data-elementor-id=\"4078\" class=\"elementor elementor-4078 elementor-10\" data-elementor-post-type=\"page\">\n\t\t\t\t\t\t<section class=\"elementor-section elementor-top-section elementor-element elementor-element-37fbfca elementor-section-boxed elementor-section-height-default elementor-section-height-default\" data-id=\"37fbfca\" data-element_type=\"section\" data-e-type=\"section\">\n\t\t\t\t\t\t<div class=\"elementor-container elementor-column-gap-default\">\n\t\t\t\t\t<div class=\"elementor-column elementor-col-100 elementor-top-column elementor-element elementor-element-7e40067\" data-id=\"7e40067\" data-element_type=\"column\" data-e-type=\"column\">\n\t\t\t<div class=\"elementor-widget-wrap elementor-element-populated\">\n\t\t\t\t\t\t<div class=\"elementor-element elementor-element-0e67aa8 breadcrumb animated-fast elementor-invisible elementor-widget elementor-widget-shortcode\" data-id=\"0e67aa8\" data-element_type=\"widget\" data-e-type=\"widget\" data-settings=\"{&quot;_animation&quot;:&quot;fadeInUp&quot;}\" data-widget_type=\"shortcode.default\">\n\t\t\t\t<div class=\"elementor-widget-container\">\n\t\t\t\t\t\t\t<div class=\"elementor-shortcode\"><nav aria-label=\"breadcrumbs\" class=\"rank-math-breadcrumb\"><p><span class=\"last\">Home<\/span><\/p><\/nav><\/div>\n\t\t\t\t\t\t<\/div>\n\t\t\t\t<\/div>\n\t\t\t\t\t<\/div>\n\t\t<\/div>\n\t\t\t\t\t<\/div>\n\t\t<\/section>\n\t\t\t\t<section class=\"elementor-section elementor-top-section elementor-element elementor-element-eccb632 elementor-section-boxed elementor-section-height-default elementor-section-height-default\" data-id=\"eccb632\" data-element_type=\"section\" data-e-type=\"section\">\n\t\t\t\t\t\t<div class=\"elementor-container elementor-column-gap-default\">\n\t\t\t\t\t<div class=\"elementor-column elementor-col-100 elementor-top-column elementor-element elementor-element-82ec8b7\" data-id=\"82ec8b7\" data-element_type=\"column\" data-e-type=\"column\">\n\t\t\t<div class=\"elementor-widget-wrap elementor-element-populated\">\n\t\t\t\t\t\t<div class=\"elementor-element elementor-element-ab3ebcb animated-fast elementor-invisible elementor-widget elementor-widget-text-editor\" data-id=\"ab3ebcb\" data-element_type=\"widget\" data-e-type=\"widget\" data-settings=\"{&quot;_animation&quot;:&quot;fadeIn&quot;}\" data-widget_type=\"text-editor.default\">\n\t\t\t\t<div class=\"elementor-widget-container\">\n\t\t\t\t\t\t\t\t\t<h3><strong>POLITIK ZUM SCHUTZ DER PRIVATSPH\u00c4RE UND ZUM DATENSCHUTZ (L.O.P.D.)<\/strong><\/h3>\n<div class=\"mtb-5-20\">\n<p><span class=\"NOMBRE-JURIDICO\">Carpinter\u00eda Savi SL informiert die Nutzer dieser Website dar\u00fcber, dass sie unter strikter Einhaltung der Datenschutzbestimmungen eine automatisierte Datei mit den pers\u00f6nlichen Daten anlegen kann, die ihr durch die Nutzung dieser Website und durch das Versenden von E-Mails zur Kenntnis gebracht werden, oder die \u00fcber unser Kontaktformular gesammelt werden.<\/span><\/p>\n<\/div>\n<div class=\"mtb-5-20\">\n<p>Gem\u00e4\u00df den Bestimmungen des Organgesetzes 15\/1999 vom 13. Dezember \u00fcber den Schutz personenbezogener Daten k\u00f6nnen die Nutzer jederzeit die Rechte auf Zugang, Berichtigung, Widerspruch und L\u00f6schung ihrer gesammelten und gespeicherten Daten aus\u00fcben. Die Aus\u00fcbung dieser Rechte muss durch eine schriftliche Mitteilung an den Firmensitz von Carpinter\u00eda Savi SL oder an die E-Mail-Adresse info@savi.es erfolgen, wobei in beiden F\u00e4llen als Betreff &#8222;Pers\u00f6nliche Daten&#8220; und das Recht, das sie aus\u00fcben m\u00f6chten, anzugeben sind und eine Kopie ihres Personalausweises beizuf\u00fcgen ist.<\/p>\n<\/div>\n<div class=\"mtb-5-20\">\n<p>Die erfassten Daten k\u00f6nnen unter anderem dazu verwendet werden, Ihnen unsere Dienstleistungen zu erbringen und\/oder anzubieten, zu statistischen Zwecken, f\u00fcr die Zusendung von Werbung, auch auf elektronischem Wege, f\u00fcr das St\u00f6rungsmanagement oder f\u00fcr Marktforschungen.<\/p>\n<\/div>\n<div class=\"mtb-5-20\">Gegebenenfalls k\u00f6nnen die von den Nutzern zur Verf\u00fcgung gestellten personenbezogenen Daten nur zu den oben genannten Zwecken und mit vorheriger Zustimmung der Betroffenen an Dritte weitergegeben werden, die als erteilt gilt, wenn sie nicht innerhalb von f\u00fcnfzehn Tagen nach Bereitstellung ihrer Daten etwas anderes erkl\u00e4ren. In jedem Fall kann die vorgenannte Zustimmung jederzeit durch eine schriftliche Mitteilung an den Sitz des Inhabers mit dem Vermerk &#8222;Baja Datos Personales&#8220; (Pers\u00f6nliche Daten l\u00f6schen) widerrufen werden.<\/div>\n\t\t\t\t\t\t\t\t<\/div>\n\t\t\t\t<\/div>\n\t\t\t\t\t<\/div>\n\t\t<\/div>\n\t\t\t\t\t<\/div>\n\t\t<\/section>\n\t\t\t\t<\/div>\n\t\t","protected":false},"excerpt":{"rendered":"<p>POLITIK ZUM SCHUTZ DER PRIVATSPH\u00c4RE UND ZUM DATENSCHUTZ (L.O.P.D.) Carpinter\u00eda Savi SL informiert die Nutzer dieser Website dar\u00fcber, dass sie unter strikter Einhaltung der Datenschutzbestimmungen eine automatisierte Datei mit den pers\u00f6nlichen Daten anlegen kann, die ihr durch die Nutzung dieser Website und durch das Versenden von E-Mails zur Kenntnis gebracht werden, oder die \u00fcber unser [&hellip;]<\/p>\n","protected":false},"author":4,"featured_media":0,"parent":0,"menu_order":0,"comment_status":"closed","ping_status":"closed","template":"","meta":{"_acf_changed":false,"footnotes":""},"class_list":["post-4078","page","type-page","status-publish","hentry"],"acf":[],"_links":{"self":[{"href":"https:\/\/savi.es\/de\/wp-json\/wp\/v2\/pages\/4078","targetHints":{"allow":["GET"]}}],"collection":[{"href":"https:\/\/savi.es\/de\/wp-json\/wp\/v2\/pages"}],"about":[{"href":"https:\/\/savi.es\/de\/wp-json\/wp\/v2\/types\/page"}],"author":[{"embeddable":true,"href":"https:\/\/savi.es\/de\/wp-json\/wp\/v2\/users\/4"}],"replies":[{"embeddable":true,"href":"https:\/\/savi.es\/de\/wp-json\/wp\/v2\/comments?post=4078"}],"version-history":[{"count":1,"href":"https:\/\/savi.es\/de\/wp-json\/wp\/v2\/pages\/4078\/revisions"}],"predecessor-version":[{"id":4079,"href":"https:\/\/savi.es\/de\/wp-json\/wp\/v2\/pages\/4078\/revisions\/4079"}],"wp:attachment":[{"href":"https:\/\/savi.es\/de\/wp-json\/wp\/v2\/media?parent=4078"}],"curies":[{"name":"wp","href":"https:\/\/api.w.org\/{rel}","templated":true}]}}