{"id":3938,"date":"2022-04-28T19:23:41","date_gmt":"2022-04-28T17:23:41","guid":{"rendered":"https:\/\/savi.es\/avis-juridique\/"},"modified":"2023-08-21T11:58:14","modified_gmt":"2023-08-21T09:58:14","slug":"avis-juridique","status":"publish","type":"page","link":"https:\/\/savi.es\/fr\/avis-juridique\/","title":{"rendered":"Avis juridique"},"content":{"rendered":"\t\t<div data-elementor-type=\"wp-page\" data-elementor-id=\"3938\" class=\"elementor elementor-3938 elementor-412\" data-elementor-post-type=\"page\">\n\t\t\t\t\t\t<section class=\"elementor-section elementor-top-section elementor-element elementor-element-ced3e47 elementor-section-boxed elementor-section-height-default elementor-section-height-default\" data-id=\"ced3e47\" data-element_type=\"section\" data-e-type=\"section\">\n\t\t\t\t\t\t<div class=\"elementor-container elementor-column-gap-default\">\n\t\t\t\t\t<div class=\"elementor-column elementor-col-100 elementor-top-column elementor-element elementor-element-27e57e3\" data-id=\"27e57e3\" data-element_type=\"column\" data-e-type=\"column\">\n\t\t\t<div class=\"elementor-widget-wrap elementor-element-populated\">\n\t\t\t\t\t\t<div class=\"elementor-element elementor-element-21867a3 breadcrumb animated-fast elementor-invisible elementor-widget elementor-widget-shortcode\" data-id=\"21867a3\" data-element_type=\"widget\" data-e-type=\"widget\" data-settings=\"{&quot;_animation&quot;:&quot;fadeInUp&quot;}\" data-widget_type=\"shortcode.default\">\n\t\t\t\t<div class=\"elementor-widget-container\">\n\t\t\t\t\t\t\t<div class=\"elementor-shortcode\"><nav aria-label=\"breadcrumbs\" class=\"rank-math-breadcrumb\"><p><span class=\"last\">Home<\/span><\/p><\/nav><\/div>\n\t\t\t\t\t\t<\/div>\n\t\t\t\t<\/div>\n\t\t\t\t\t<\/div>\n\t\t<\/div>\n\t\t\t\t\t<\/div>\n\t\t<\/section>\n\t\t\t\t<section class=\"elementor-section elementor-top-section elementor-element elementor-element-8ed7a0f elementor-section-boxed elementor-section-height-default elementor-section-height-default\" data-id=\"8ed7a0f\" data-element_type=\"section\" data-e-type=\"section\">\n\t\t\t\t\t\t<div class=\"elementor-container elementor-column-gap-default\">\n\t\t\t\t\t<div class=\"elementor-column elementor-col-100 elementor-top-column elementor-element elementor-element-a914004\" data-id=\"a914004\" data-element_type=\"column\" data-e-type=\"column\">\n\t\t\t<div class=\"elementor-widget-wrap elementor-element-populated\">\n\t\t\t\t\t\t<div class=\"elementor-element elementor-element-00b1705 animated-fast elementor-invisible elementor-widget elementor-widget-text-editor\" data-id=\"00b1705\" data-element_type=\"widget\" data-e-type=\"widget\" data-settings=\"{&quot;_animation&quot;:&quot;fadeIn&quot;}\" data-widget_type=\"text-editor.default\">\n\t\t\t\t<div class=\"elementor-widget-container\">\n\t\t\t\t\t\t\t\t\t<p>DONN\u00c9ES DE L&rsquo;ENTREPRISE<br \/>\nConform\u00e9ment \u00e0 l&rsquo;article 10 de la loi 34\/2002 du 11 juillet sur les services de la soci\u00e9t\u00e9 de l&rsquo;information et du commerce \u00e9lectronique, les donn\u00e9es d&rsquo;identification de l&rsquo;entreprise sont pr\u00e9sent\u00e9es ci-dessous.<br \/>\nD\u00e9nomination l\u00e9gale : Carpinter\u00eda Savi SL<br \/>\nRaison sociale : Carpinter\u00eda Savi SL<br \/>\nNum\u00e9ro d&rsquo;identification fiscale : B03086840<br \/>\nSi\u00e8ge social : Calle Juan de la Cierva, 2 03720 Benisa Alicante<br \/>\nEmail : info@savi.es<br \/>\nT\u00e9l\u00e9phone : 610 92 39 08<\/p>\n<p>Le site web https:\/\/savi.es (ci-apr\u00e8s, le \u00ab\u00a0Site Web\u00a0\u00bb) est la propri\u00e9t\u00e9 de Carpinter\u00eda Savi SL, faisant affaire sous le nom de Carpinter\u00eda Savi.<br \/>\nL&rsquo;acc\u00e8s au site Web https:\/\/savi.es de Carpinter\u00eda Savi implique l&rsquo;acceptation de toutes les conditions suivantes :<\/p>\n<p>PROPRI\u00c9T\u00c9 INDUSTRIELLE<br \/>\nLe logo et le nom \u00ab\u00a0Carpinter\u00eda Savi\u00a0\u00bb, ainsi que d&rsquo;autres signes distinctifs (graphiques ou nominatifs) apparaissant sur ce site Web, sont la propri\u00e9t\u00e9 exclusive de Carpinter\u00eda Savi. Par cons\u00e9quent, cette entit\u00e9 est la seule autoris\u00e9e \u00e0 les utiliser.<\/p>\n<p>Les contenus de ce site Web, tels que les textes, les images, etc., ainsi que son design graphique et son code source, sont prot\u00e9g\u00e9s par la l\u00e9gislation espagnole sur les droits de propri\u00e9t\u00e9 intellectuelle et industrielle en faveur de Carpinter\u00eda Savi.<\/p>\n<p>Toute reproduction, distribution ou communication publique, totale ou partielle, sans l&rsquo;autorisation expresse de Carpinter\u00eda Savi, est strictement interdite.<\/p>\n<p>NOM DE DOMAINE<br \/>\nDe m\u00eame que mentionn\u00e9 dans les paragraphes pr\u00e9c\u00e9dents, les noms de domaine \u00ab\u00a0https:\/\/savi.es\u00a0\u00bb et tous ceux utilis\u00e9s pour acc\u00e9der \u00e0 ce site appartiennent exclusivement \u00e0 Carpinter\u00eda Savi. Toute utilisation abusive de ces noms constituerait une violation des droits acquis par leur enregistrement et sera poursuivie par les moyens pr\u00e9vus par la loi.<\/p>\n<p>UTILISATION PERSONNELLE<br \/>\nL&rsquo;utilisateur est express\u00e9ment autoris\u00e9 par Carpinter\u00eda Savi \u00e0 visualiser, imprimer, copier ou stocker sur son disque dur ou tout autre support physique, les contenus et actifs prot\u00e9g\u00e9s ou non par des droits exclusifs (\u00e0 l&rsquo;exception des programmes informatiques), \u00e0 condition que cette action soit effectu\u00e9e pour un usage personnel et priv\u00e9 de l&rsquo;utilisateur, sans but commercial ou de distribution, et sans modifier, alt\u00e9rer ou d\u00e9compiler les droits et contenus susmentionn\u00e9s. Cette licence d&rsquo;utilisation personnelle est accord\u00e9e \u00e0 condition que les avertissements relatifs aux droits d&rsquo;auteur et aux droits de propri\u00e9t\u00e9 industrielle soient int\u00e9gralement respect\u00e9s, sans que cela implique l&rsquo;octroi d&rsquo;une licence quelconque \u00e0 l&rsquo;utilisateur.<\/p>\n<p>Toute autre utilisation des contenus ou cr\u00e9ations intellectuelles de ce site n\u00e9cessitera l&rsquo;autorisation expresse et \u00e9crite de Carpinter\u00eda Savi.<\/p>\n<p>R\u00c9SERVE DES ACTIONS JUDICIAIRES<br \/>\nCarpinter\u00eda Savi se r\u00e9serve le droit d&rsquo;exercer \u00e0 tout moment tous les moyens ou actions judiciaires pour d\u00e9fendre ses droits l\u00e9gitimes de propri\u00e9t\u00e9 intellectuelle et industrielle contre toute utilisation non autoris\u00e9e ou toute action pouvant leur nuire.<\/p>\n<p>LIENS<br \/>\nLes liens que l&rsquo;utilisateur peut rencontrer lors de la navigation sur ce site Web lui permettent de quitter ce site.<br \/>\nLes sites li\u00e9s ne sont pas li\u00e9s, sauf indication contraire, \u00e0 Carpinter\u00eda Savi, qui n&rsquo;est pas responsable du contenu accessible via ces liens, ni des modifications qui y sont apport\u00e9es, ni de leur utilisation, ni de leur disponibilit\u00e9 technique.<br \/>\nEn tout \u00e9tat de cause, Carpinter\u00eda Savi s&rsquo;engage \u00e0 faire tout son possible pour \u00e9viter l&rsquo;existence sur son site Web de liens vers des pages de contenu ill\u00e9gal, qui favorisent des activit\u00e9s illicites, racistes, x\u00e9nophobes et, en g\u00e9n\u00e9ral, susceptibles de porter atteinte aux principes de libert\u00e9 et de dignit\u00e9 humaine ou de violer les valeurs et droits reconnus par la Constitution espagnole et la D\u00e9claration universelle des droits de l&rsquo;homme.<br \/>\nDans le cas o\u00f9 un utilisateur estime qu&rsquo;un lien inclus sur le site Web porte atteinte de quelque mani\u00e8re que ce soit \u00e0 ses droits ou lui cause le moindre pr\u00e9judice, il suffit de le signaler en envoyant un e-mail \u00e0 Carpinter\u00eda Savi, en \u00e9tant convaincu que des mesures appropri\u00e9es seront prises \u00e0 cet \u00e9gard.<\/p>\n<p>CONTENU DU SITE WEB<br \/>\nCarpinter\u00eda Savi n&rsquo;est pas responsable de la mauvaise utilisation des contenus de notre site Web, la responsabilit\u00e9 exclusive de la personne qui y acc\u00e8de ou les utilise.<\/p>\n<p>MISE \u00c0 JOUR ET MODIFICATION DU SITE WEB<br \/>\nCarpinter\u00eda Savi se r\u00e9serve le droit de modifier ou de supprimer, sans pr\u00e9avis, tant les informations contenues sur son site Web que sa configuration et sa pr\u00e9sentation, sans assumer aucune responsabilit\u00e9 \u00e0 cet \u00e9gard.<\/p>\n<p>NOTES SUR LES ASPECTS TECHNIQUES<br \/>\nCarpinter\u00eda Savi n&rsquo;assume aucune responsabilit\u00e9 pour les probl\u00e8mes techniques ou les d\u00e9faillances des \u00e9quipements informatiques qui pourraient survenir lors de la connexion \u00e0 Internet, ainsi que pour les dommages qui pourraient \u00eatre caus\u00e9s par des tiers par des intrusions ill\u00e9gales ind\u00e9pendantes du contr\u00f4le de Carpinter\u00eda Savi.<br \/>\nNous sommes \u00e9galement exon\u00e9r\u00e9s de toute responsabilit\u00e9 en cas de dommages \u00e9ventuels subis par l&rsquo;utilisateur en raison d&rsquo;erreurs, de d\u00e9fauts ou d&rsquo;omissions dans les informations fournies provenant de sources ext\u00e9rieures \u00e0 nous.<\/p>\n<p>CONDITIONS D&rsquo;ACC\u00c8S<br \/>\nEn g\u00e9n\u00e9ral, l&rsquo;acc\u00e8s aux contenus fournis par \u00ab\u00a0Carpinter\u00eda Savi\u00a0\u00bb sera libre et gratuit, et les utilisateurs ne seront pas tenus de fournir des donn\u00e9es personnelles, de s&rsquo;abonner ou d&rsquo;utiliser des cl\u00e9s ou des mots de passe, \u00e0 l&rsquo;exception de l&rsquo;acc\u00e8s restreint \u00e0 la section clients de \u00ab\u00a0Carpinter\u00eda Savi\u00a0\u00bb.<br \/>\nLorsque la fourniture de donn\u00e9es personnelles est n\u00e9cessaire pour la souscription ou la demande d&rsquo;informations sur un service sp\u00e9cifique, les utilisateurs garantiront leur v\u00e9racit\u00e9, leur exactitude, leur authenticit\u00e9 et leur validit\u00e9. \u00ab\u00a0Carpinter\u00eda Savi\u00a0\u00bb s&rsquo;engage \u00e0 traiter ces donn\u00e9es automatiquement, en fonction de leur nature et de leur finalit\u00e9, dans les conditions et termes refl\u00e9t\u00e9s dans la Politique de confidentialit\u00e9.<br \/>\nDans les cas o\u00f9 l&rsquo;utilisation de cl\u00e9s d&rsquo;acc\u00e8s (nom d&rsquo;utilisateur et mot de passe) est n\u00e9cessaire, l&rsquo;utilisateur s&rsquo;engage \u00e0 les utiliser selon les restrictions suivantes :<br \/>\nLes cl\u00e9s, choisies par l&rsquo;utilisateur, ne doivent pas \u00eatre contraires \u00e0 la morale et aux bonnes coutumes g\u00e9n\u00e9ralement accept\u00e9es, ni enfreindre de quelque mani\u00e8re que ce soit les droits de propri\u00e9t\u00e9 industrielle et intellectuelle, l&rsquo;honneur et l&rsquo;image de tiers.<br \/>\nLes cl\u00e9s d&rsquo;acc\u00e8s sont destin\u00e9es \u00e0 l&rsquo;usage personnel et exclusif de l&rsquo;utilisateur qui en est titulaire, et leur garde et leur utilisation correcte rel\u00e8vent de la responsabilit\u00e9 de celui-ci. \u00ab\u00a0Carpinter\u00eda Savi\u00a0\u00bb n&rsquo;est pas responsable des dommages \u00e9ventuels encourus par l&rsquo;utilisateur ou des tiers en raison de l&rsquo;utilisation de ses cl\u00e9s, avec ou sans consentement ou connaissance de l&rsquo;utilisateur.<br \/>\nCependant, \u00ab\u00a0Carpinter\u00eda Savi\u00a0\u00bb s&rsquo;engage \u00e0 respecter le devoir de confidentialit\u00e9 concernant les cl\u00e9s enregistr\u00e9es et utilis\u00e9es par les utilisateurs.<\/p>\n<p>CONDITIONS D&rsquo;UTILISATION<br \/>\nL&rsquo;utilisation du site Web de \u00ab\u00a0Carpinter\u00eda Savi\u00a0\u00bb doit respecter le contenu de ces Conditions G\u00e9n\u00e9rales, toute disposition l\u00e9gale applicable et les exigences de la morale et des bonnes coutumes g\u00e9n\u00e9ralement accept\u00e9es, ainsi que de l&rsquo;ordre public.<\/p>\n<p>Sauf autorisation pr\u00e9alable et expresse de \u00ab\u00a0Carpinter\u00eda Savi\u00a0\u00bb, les utilisateurs ne peuvent utiliser le contenu et les services offerts sur ce site Web que pour un usage personnel, en s&rsquo;abstenant de r\u00e9aliser tout acte qui, directement ou indirectement, impliquerait une exploitation commerciale de ceux-ci.<\/p>\n<p>En tout \u00e9tat de cause, les utilisateurs utiliseront le contenu et les services fournis par \u00ab\u00a0Carpinter\u00eda Savi\u00a0\u00bb conform\u00e9ment \u00e0 la l\u00e9gislation en vigueur et assumeront les responsabilit\u00e9s qui leur incombent pour les comportements ou activit\u00e9s pouvant \u00eatre ill\u00e9gaux ou porter atteinte aux droits de tiers, ou pouvant nuire, entraver ou limiter l&rsquo;utilisation de ce site Web par d&rsquo;autres utilisateurs.<\/p>\n<p>Les utilisateurs s&rsquo;engagent \u00e0 ne pas transmettre ou diffuser via \u00ab\u00a0Carpinter\u00eda Savi\u00a0\u00bb des messages, des images, des photographies, des logiciels, des donn\u00e9es ou du contenu qui :<\/p>\n<p>&#8211; Contreviennent ou violent les droits fondamentaux reconnus par l&rsquo;ordre juridique.<br \/>\n&#8211; Induisent, incitent ou favorisent des actions criminelles, la d\u00e9nigration, la diffamation, l&rsquo;infamie, la violence, la discrimination fond\u00e9e sur le sexe, la race, la religion ou l&rsquo;id\u00e9ologie, ou qui sont contraires \u00e0 la loi, \u00e0 la morale ou \u00e0 l&rsquo;ordre public.<br \/>\n&#8211; Sont faux, ambigus, inexacts, exag\u00e9r\u00e9s, obsc\u00e8nes ou inappropri\u00e9s.<br \/>\n&#8211; Sont prot\u00e9g\u00e9s par des droits de propri\u00e9t\u00e9 intellectuelle ou industrielle appartenant \u00e0 des tiers, sauf autorisation pr\u00e9alable et suffisante de leur propri\u00e9taire l\u00e9gitime.<br \/>\n&#8211; Portent atteinte ou pourraient porter atteinte au droit \u00e0 l&rsquo;honneur, \u00e0 la vie priv\u00e9e, \u00e0 l&rsquo;image des tiers, ou enfreindre les r\u00e9glementations sur le secret ou la confidentialit\u00e9 des communications.<br \/>\n&#8211; Constituent une publicit\u00e9 ill\u00e9gale, trompeuse ou d\u00e9loyale.<br \/>\n&#8211; Contiennent des virus, des chevaux de Troie, des vers, des bombes \u00e0 retardement ou tout autre mat\u00e9riel ou programme pouvant endommager ou alt\u00e9rer le fonctionnement de mat\u00e9riels ou de syst\u00e8mes informatiques.<\/p>\n<p>\u00ab\u00a0Carpinter\u00eda Savi\u00a0\u00bb se r\u00e9serve le droit unilat\u00e9ral, \u00e0 tout moment et sans pr\u00e9avis ni justification, de refuser l&rsquo;acc\u00e8s \u00e0 son site Web aux utilisateurs qui enfreignent ces Conditions G\u00e9n\u00e9rales d&rsquo;Utilisation.<\/p>\n\t\t\t\t\t\t\t\t<\/div>\n\t\t\t\t<\/div>\n\t\t\t\t\t<\/div>\n\t\t<\/div>\n\t\t\t\t\t<\/div>\n\t\t<\/section>\n\t\t\t\t<\/div>\n\t\t","protected":false},"excerpt":{"rendered":"<p>DONN\u00c9ES DE L&rsquo;ENTREPRISE Conform\u00e9ment \u00e0 l&rsquo;article 10 de la loi 34\/2002 du 11 juillet sur les services de la soci\u00e9t\u00e9 de l&rsquo;information et du commerce \u00e9lectronique, les donn\u00e9es d&rsquo;identification de l&rsquo;entreprise sont pr\u00e9sent\u00e9es ci-dessous. D\u00e9nomination l\u00e9gale : Carpinter\u00eda Savi SL Raison sociale : Carpinter\u00eda Savi SL Num\u00e9ro d&rsquo;identification fiscale : B03086840 Si\u00e8ge social : Calle [&hellip;]<\/p>\n","protected":false},"author":4,"featured_media":0,"parent":0,"menu_order":0,"comment_status":"closed","ping_status":"closed","template":"","meta":{"_acf_changed":false,"footnotes":""},"class_list":["post-3938","page","type-page","status-publish","hentry"],"acf":[],"_links":{"self":[{"href":"https:\/\/savi.es\/fr\/wp-json\/wp\/v2\/pages\/3938","targetHints":{"allow":["GET"]}}],"collection":[{"href":"https:\/\/savi.es\/fr\/wp-json\/wp\/v2\/pages"}],"about":[{"href":"https:\/\/savi.es\/fr\/wp-json\/wp\/v2\/types\/page"}],"author":[{"embeddable":true,"href":"https:\/\/savi.es\/fr\/wp-json\/wp\/v2\/users\/4"}],"replies":[{"embeddable":true,"href":"https:\/\/savi.es\/fr\/wp-json\/wp\/v2\/comments?post=3938"}],"version-history":[{"count":4,"href":"https:\/\/savi.es\/fr\/wp-json\/wp\/v2\/pages\/3938\/revisions"}],"predecessor-version":[{"id":4538,"href":"https:\/\/savi.es\/fr\/wp-json\/wp\/v2\/pages\/3938\/revisions\/4538"}],"wp:attachment":[{"href":"https:\/\/savi.es\/fr\/wp-json\/wp\/v2\/media?parent=3938"}],"curies":[{"name":"wp","href":"https:\/\/api.w.org\/{rel}","templated":true}]}}