{"id":3956,"date":"2022-04-19T08:34:56","date_gmt":"2022-04-19T06:34:56","guid":{"rendered":"https:\/\/savi.es\/politique-de-confidentialite\/"},"modified":"2023-08-21T11:58:18","modified_gmt":"2023-08-21T09:58:18","slug":"politique-de-confidentialite","status":"publish","type":"page","link":"https:\/\/savi.es\/fr\/politique-de-confidentialite\/","title":{"rendered":"Politique de confidentialit\u00e9"},"content":{"rendered":"\t\t<div data-elementor-type=\"wp-page\" data-elementor-id=\"3956\" class=\"elementor elementor-3956 elementor-10\" data-elementor-post-type=\"page\">\n\t\t\t\t\t\t<section class=\"elementor-section elementor-top-section elementor-element elementor-element-37fbfca elementor-section-boxed elementor-section-height-default elementor-section-height-default\" data-id=\"37fbfca\" data-element_type=\"section\" data-e-type=\"section\">\n\t\t\t\t\t\t<div class=\"elementor-container elementor-column-gap-default\">\n\t\t\t\t\t<div class=\"elementor-column elementor-col-100 elementor-top-column elementor-element elementor-element-7e40067\" data-id=\"7e40067\" data-element_type=\"column\" data-e-type=\"column\">\n\t\t\t<div class=\"elementor-widget-wrap elementor-element-populated\">\n\t\t\t\t\t\t<div class=\"elementor-element elementor-element-0e67aa8 breadcrumb animated-fast elementor-invisible elementor-widget elementor-widget-shortcode\" data-id=\"0e67aa8\" data-element_type=\"widget\" data-e-type=\"widget\" data-settings=\"{&quot;_animation&quot;:&quot;fadeInUp&quot;}\" data-widget_type=\"shortcode.default\">\n\t\t\t\t<div class=\"elementor-widget-container\">\n\t\t\t\t\t\t\t<div class=\"elementor-shortcode\"><nav aria-label=\"breadcrumbs\" class=\"rank-math-breadcrumb\"><p><span class=\"last\">Home<\/span><\/p><\/nav><\/div>\n\t\t\t\t\t\t<\/div>\n\t\t\t\t<\/div>\n\t\t\t\t\t<\/div>\n\t\t<\/div>\n\t\t\t\t\t<\/div>\n\t\t<\/section>\n\t\t\t\t<section class=\"elementor-section elementor-top-section elementor-element elementor-element-eccb632 elementor-section-boxed elementor-section-height-default elementor-section-height-default\" data-id=\"eccb632\" data-element_type=\"section\" data-e-type=\"section\">\n\t\t\t\t\t\t<div class=\"elementor-container elementor-column-gap-default\">\n\t\t\t\t\t<div class=\"elementor-column elementor-col-100 elementor-top-column elementor-element elementor-element-82ec8b7\" data-id=\"82ec8b7\" data-element_type=\"column\" data-e-type=\"column\">\n\t\t\t<div class=\"elementor-widget-wrap elementor-element-populated\">\n\t\t\t\t\t\t<div class=\"elementor-element elementor-element-ab3ebcb animated-fast elementor-invisible elementor-widget elementor-widget-text-editor\" data-id=\"ab3ebcb\" data-element_type=\"widget\" data-e-type=\"widget\" data-settings=\"{&quot;_animation&quot;:&quot;fadeIn&quot;}\" data-widget_type=\"text-editor.default\">\n\t\t\t\t<div class=\"elementor-widget-container\">\n\t\t\t\t\t\t\t\t\t<h3>POLITIQUE DE CONFIDENTIALIT\u00c9 ET DE PROTECTION DES DONN\u00c9ES (L.O.P.D.)<\/h3>\n<div class=\"mtb-5-20\">\n<p>Carpinter\u00eda Savi SL informe les utilisateurs de ce site web qu&rsquo;elle peut cr\u00e9er un fichier automatis\u00e9 avec les donn\u00e9es personnelles qui sont port\u00e9es \u00e0 la connaissance du propri\u00e9taire susmentionn\u00e9 \u00e0 la suite de l&rsquo;utilisation de ce site web et de l&rsquo;envoi de courriers \u00e9lectroniques, ou celles collect\u00e9es par le biais de notre formulaire de contact, dans le strict respect des dispositions de la l\u00e9gislation sur la protection des donn\u00e9es.<\/p>\n<\/div>\n<div class=\"mtb-5-20\">\n<p>Conform\u00e9ment aux dispositions de la loi organique 15\/1999, du 13 d\u00e9cembre, sur la protection des donn\u00e9es \u00e0 caract\u00e8re personnel, les utilisateurs peuvent exercer, \u00e0 tout moment, les droits d&rsquo;acc\u00e8s, de rectification, d&rsquo;opposition et d&rsquo;annulation de leurs donn\u00e9es, qui ont \u00e9t\u00e9 collect\u00e9es et archiv\u00e9es. L&rsquo;exercice de ces droits doit se faire par communication \u00e9crite adress\u00e9e au si\u00e8ge social de Carpinter\u00eda Savi SL ou \u00e0 l&rsquo;adresse \u00e9lectronique info@savi.es, en indiquant, dans les deux cas, comme r\u00e9f\u00e9rence \u00ab\u00a0Donn\u00e9es \u00e0 caract\u00e8re personnel\u00a0\u00bb et le droit qu&rsquo;ils souhaitent exercer, en joignant une copie de leur document national d&rsquo;identit\u00e9.<\/p>\n<\/div>\n<div class=\"mtb-5-20\">\n<p>Les donn\u00e9es enregistr\u00e9es peuvent \u00eatre utilis\u00e9es dans le but de vous fournir et\/ou de vous proposer nos services, \u00e0 des fins statistiques, pour l&rsquo;envoi de publicit\u00e9, y compris par voie \u00e9lectronique, pour la gestion des incidents ou pour des \u00e9tudes de march\u00e9, entre autres activit\u00e9s.<\/p>\n<\/div>\n<div class=\"mtb-5-20\">Le cas \u00e9ch\u00e9ant, les donn\u00e9es personnelles fournies par les utilisateurs pourront \u00eatre communiqu\u00e9es \u00e0 des tiers uniquement aux fins indiqu\u00e9es ci-dessus et avec le consentement pr\u00e9alable des int\u00e9ress\u00e9s, qui sera consid\u00e9r\u00e9 comme accord\u00e9 s&rsquo;il n&rsquo;y a pas de d\u00e9claration contraire de leur part dans les quinze jours suivant la fourniture de leurs donn\u00e9es. Dans tous les cas, le consentement susmentionn\u00e9 peut \u00eatre r\u00e9voqu\u00e9 \u00e0 tout moment par le biais d&rsquo;une communication \u00e9crite adress\u00e9e au si\u00e8ge social du titulaire, en indiquant comme r\u00e9f\u00e9rence \u00ab\u00a0Baja Datos Personales\u00a0\u00bb (Annulez les donn\u00e9es personnelles).<\/div>\n\t\t\t\t\t\t\t\t<\/div>\n\t\t\t\t<\/div>\n\t\t\t\t\t<\/div>\n\t\t<\/div>\n\t\t\t\t\t<\/div>\n\t\t<\/section>\n\t\t\t\t<\/div>\n\t\t","protected":false},"excerpt":{"rendered":"<p>POLITIQUE DE CONFIDENTIALIT\u00c9 ET DE PROTECTION DES DONN\u00c9ES (L.O.P.D.) Carpinter\u00eda Savi SL informe les utilisateurs de ce site web qu&rsquo;elle peut cr\u00e9er un fichier automatis\u00e9 avec les donn\u00e9es personnelles qui sont port\u00e9es \u00e0 la connaissance du propri\u00e9taire susmentionn\u00e9 \u00e0 la suite de l&rsquo;utilisation de ce site web et de l&rsquo;envoi de courriers \u00e9lectroniques, ou celles [&hellip;]<\/p>\n","protected":false},"author":4,"featured_media":0,"parent":0,"menu_order":0,"comment_status":"closed","ping_status":"closed","template":"","meta":{"_acf_changed":false,"footnotes":""},"class_list":["post-3956","page","type-page","status-publish","hentry"],"acf":[],"_links":{"self":[{"href":"https:\/\/savi.es\/fr\/wp-json\/wp\/v2\/pages\/3956","targetHints":{"allow":["GET"]}}],"collection":[{"href":"https:\/\/savi.es\/fr\/wp-json\/wp\/v2\/pages"}],"about":[{"href":"https:\/\/savi.es\/fr\/wp-json\/wp\/v2\/types\/page"}],"author":[{"embeddable":true,"href":"https:\/\/savi.es\/fr\/wp-json\/wp\/v2\/users\/4"}],"replies":[{"embeddable":true,"href":"https:\/\/savi.es\/fr\/wp-json\/wp\/v2\/comments?post=3956"}],"version-history":[{"count":1,"href":"https:\/\/savi.es\/fr\/wp-json\/wp\/v2\/pages\/3956\/revisions"}],"predecessor-version":[{"id":3957,"href":"https:\/\/savi.es\/fr\/wp-json\/wp\/v2\/pages\/3956\/revisions\/3957"}],"wp:attachment":[{"href":"https:\/\/savi.es\/fr\/wp-json\/wp\/v2\/media?parent=3956"}],"curies":[{"name":"wp","href":"https:\/\/api.w.org\/{rel}","templated":true}]}}